{"id":49,"date":"2019-02-19T17:26:23","date_gmt":"2019-02-19T17:26:23","guid":{"rendered":"http:\/\/focusoneurope.eu\/?page_id=49"},"modified":"2022-12-19T09:37:41","modified_gmt":"2022-12-19T09:37:41","slug":"palacio-de-carlos-v","status":"publish","type":"page","link":"http:\/\/focusoneurope.eu\/?page_id=49","title":{"rendered":"Palacio de Carlos V"},"content":{"rendered":"\t\t<div data-elementor-type=\"wp-page\" data-elementor-id=\"49\" class=\"elementor elementor-49\">\n\t\t\t\t\t\t<section class=\"elementor-section elementor-top-section elementor-element elementor-element-3c35add elementor-section-boxed elementor-section-height-default elementor-section-height-default\" data-id=\"3c35add\" data-element_type=\"section\" data-e-type=\"section\">\n\t\t\t\t\t\t<div class=\"elementor-container elementor-column-gap-default\">\n\t\t\t\t\t<div class=\"elementor-column elementor-col-100 elementor-top-column elementor-element elementor-element-4f58f87\" data-id=\"4f58f87\" data-element_type=\"column\" data-e-type=\"column\">\n\t\t\t<div class=\"elementor-widget-wrap elementor-element-populated\">\n\t\t\t\t\t\t<div class=\"elementor-element elementor-element-7001834 elementor-widget elementor-widget-text-editor\" data-id=\"7001834\" data-element_type=\"widget\" data-e-type=\"widget\" data-widget_type=\"text-editor.default\">\n\t\t\t\t<div class=\"elementor-widget-container\">\n\t\t\t\t\t\t\t\t\t<p>Emperor Charles V moved his court to the Alhambra in the summer months of 1526. From that time on he wanted to make Granada one his main residences.<\/p>\n<p><!-- \/wp:paragraph --><!-- wp:paragraph --><\/p>\n<p>For this reason he planned to build a new palace, connected to the Alc\u00e1zar, continuing the work begun by his grandparents, Ferdinand and Isabella, the Catholic Kings.<\/p>\t\t\t\t\t\t\t\t<\/div>\n\t\t\t\t<\/div>\n\t\t\t\t\t<\/div>\n\t\t<\/div>\n\t\t\t\t\t<\/div>\n\t\t<\/section>\n\t\t\t\t<section class=\"elementor-section elementor-top-section elementor-element elementor-element-1ea88e6 elementor-section-boxed elementor-section-height-default elementor-section-height-default\" data-id=\"1ea88e6\" data-element_type=\"section\" data-e-type=\"section\">\n\t\t\t\t\t\t<div class=\"elementor-container elementor-column-gap-default\">\n\t\t\t\t\t<div class=\"elementor-column elementor-col-100 elementor-top-column elementor-element elementor-element-7c7d187\" data-id=\"7c7d187\" data-element_type=\"column\" data-e-type=\"column\">\n\t\t\t<div class=\"elementor-widget-wrap elementor-element-populated\">\n\t\t\t\t\t\t<div class=\"elementor-element elementor-element-20c481c elementor-widget elementor-widget-image\" data-id=\"20c481c\" data-element_type=\"widget\" data-e-type=\"widget\" data-widget_type=\"image.default\">\n\t\t\t\t<div class=\"elementor-widget-container\">\n\t\t\t\t\t\t\t\t\t\t\t\t\t\t\t<img fetchpriority=\"high\" decoding=\"async\" width=\"660\" height=\"475\" src=\"http:\/\/focusoneurope.eu\/wp-content\/uploads\/2019\/02\/Palacio_de_Carlos_V_Granada.jpg\" class=\"attachment-large size-large wp-image-164\" alt=\"\" srcset=\"http:\/\/focusoneurope.eu\/wp-content\/uploads\/2019\/02\/Palacio_de_Carlos_V_Granada.jpg 800w, http:\/\/focusoneurope.eu\/wp-content\/uploads\/2019\/02\/Palacio_de_Carlos_V_Granada-300x216.jpg 300w, http:\/\/focusoneurope.eu\/wp-content\/uploads\/2019\/02\/Palacio_de_Carlos_V_Granada-768x553.jpg 768w, http:\/\/focusoneurope.eu\/wp-content\/uploads\/2019\/02\/Palacio_de_Carlos_V_Granada-700x504.jpg 700w, http:\/\/focusoneurope.eu\/wp-content\/uploads\/2019\/02\/Palacio_de_Carlos_V_Granada-332x239.jpg 332w\" sizes=\"(max-width: 660px) 100vw, 660px\" \/>\t\t\t\t\t\t\t\t\t\t\t\t\t\t\t<\/div>\n\t\t\t\t<\/div>\n\t\t\t\t\t<\/div>\n\t\t<\/div>\n\t\t\t\t\t<\/div>\n\t\t<\/section>\n\t\t\t\t<section class=\"elementor-section elementor-top-section elementor-element elementor-element-6ec15ffe elementor-section-boxed elementor-section-height-default elementor-section-height-default\" data-id=\"6ec15ffe\" data-element_type=\"section\" data-e-type=\"section\">\n\t\t\t\t\t\t<div class=\"elementor-container elementor-column-gap-default\">\n\t\t\t\t\t<div class=\"elementor-column elementor-col-100 elementor-top-column elementor-element elementor-element-37124f25\" data-id=\"37124f25\" data-element_type=\"column\" data-e-type=\"column\">\n\t\t\t<div class=\"elementor-widget-wrap elementor-element-populated\">\n\t\t\t\t\t\t<div class=\"elementor-element elementor-element-78229680 elementor-widget elementor-widget-text-editor\" data-id=\"78229680\" data-element_type=\"widget\" data-e-type=\"widget\" data-widget_type=\"text-editor.default\">\n\t\t\t\t<div class=\"elementor-widget-container\">\n\t\t\t\t\t\t\t\t\t<!-- wp:paragraph --><!-- \/wp:paragraph --><!-- wp:image --><!-- \/wp:image --><!-- wp:paragraph -->\n<p>The architect and painter\u00a0Pedro Machuca from Toledo, pupil of Michelangelo, was commissioned to start the works in 1527. Emperor Charles V wanted to provide the Alhambra with all the amenities of the time. However, he never saw this wish completed.\u00a0The palace, still unfinished, underwent several setbacks due to lack of funds or problems with the works. The ceilings fell in because of neglect. In 1923 the architect Leopoldo Torres Balb\u00e1s began its restoration.<\/p>\n<!-- \/wp:paragraph --><!-- wp:paragraph -->\n<p>The palace is square-shaped, 63 metres wide and 17 metres high.\u00a0It has a unique circular courtyard in its centre, one of the most beautiful creations of the Renaissance.\u00a0Only the south and west fa\u00e7ades are decorated in full. The northern and eastern sides are only partly decorated because they are attached to the Palacios Nazar\u00edes. The western fa\u00e7ade is Doric in style and decorated with reliefs of military victories, whilst the southern fa\u00e7ade is Ionic in style whose reliefs depict mythological scenes.<\/p>\n<!-- \/wp:paragraph --><!-- wp:paragraph -->\n<p>Currently the Palacio de Carlos V houses the\u00a0Museo de la Alhambra\u00a0(focusing on Hispanic-Moorish culture) and the\u00a0Museo de Bellas Artes\u00a0(the Museum of Fine Arts).<\/p>\n<!-- \/wp:paragraph -->\t\t\t\t\t\t\t\t<\/div>\n\t\t\t\t<\/div>\n\t\t\t\t\t<\/div>\n\t\t<\/div>\n\t\t\t\t\t<\/div>\n\t\t<\/section>\n\t\t\t\t<\/div>\n\t\t","protected":false},"excerpt":{"rendered":"<p>Emperor Charles V moved his court to the Alhambra in the summer months of 1526. From that time on he wanted to make Granada one his main residences. For this reason he planned to build a new palace, connected to the Alc\u00e1zar, continuing the work begun by his grandparents, Ferdinand &#8230;<\/p>\n","protected":false},"author":4,"featured_media":164,"parent":39,"menu_order":4,"comment_status":"closed","ping_status":"closed","template":"","meta":{"footnotes":""},"class_list":["post-49","page","type-page","status-publish","has-post-thumbnail","hentry","column","twocol","has-thumbnail"],"_links":{"self":[{"href":"http:\/\/focusoneurope.eu\/index.php?rest_route=\/wp\/v2\/pages\/49","targetHints":{"allow":["GET"]}}],"collection":[{"href":"http:\/\/focusoneurope.eu\/index.php?rest_route=\/wp\/v2\/pages"}],"about":[{"href":"http:\/\/focusoneurope.eu\/index.php?rest_route=\/wp\/v2\/types\/page"}],"author":[{"embeddable":true,"href":"http:\/\/focusoneurope.eu\/index.php?rest_route=\/wp\/v2\/users\/4"}],"replies":[{"embeddable":true,"href":"http:\/\/focusoneurope.eu\/index.php?rest_route=%2Fwp%2Fv2%2Fcomments&post=49"}],"version-history":[{"count":5,"href":"http:\/\/focusoneurope.eu\/index.php?rest_route=\/wp\/v2\/pages\/49\/revisions"}],"predecessor-version":[{"id":533,"href":"http:\/\/focusoneurope.eu\/index.php?rest_route=\/wp\/v2\/pages\/49\/revisions\/533"}],"up":[{"embeddable":true,"href":"http:\/\/focusoneurope.eu\/index.php?rest_route=\/wp\/v2\/pages\/39"}],"wp:featuredmedia":[{"embeddable":true,"href":"http:\/\/focusoneurope.eu\/index.php?rest_route=\/wp\/v2\/media\/164"}],"wp:attachment":[{"href":"http:\/\/focusoneurope.eu\/index.php?rest_route=%2Fwp%2Fv2%2Fmedia&parent=49"}],"curies":[{"name":"wp","href":"https:\/\/api.w.org\/{rel}","templated":true}]}}