{"id":57,"date":"2019-02-19T17:28:51","date_gmt":"2019-02-19T17:28:51","guid":{"rendered":"http:\/\/focusoneurope.eu\/?page_id=57"},"modified":"2019-02-20T19:35:34","modified_gmt":"2019-02-20T19:35:34","slug":"carrera-del-darro","status":"publish","type":"page","link":"http:\/\/focusoneurope.eu\/?page_id=57","title":{"rendered":"Carrera del Darro"},"content":{"rendered":"\n<p>Continuing on from the Plaza Santa Ana you will reach the\u00a0Carrera del Darro, one of the most picturesque and beautiful streets in Granada. Its unique location in the valley of the river perfectly captures the contrasts of light and shadows and magnificent buildings that flank it on both sides. <\/p>\n\n\n\n<figure class=\"wp-block-image\"><img decoding=\"async\" src=\"http:\/\/focusoneurope.eu\/wp-content\/uploads\/2019\/02\/b45046236b365bcc2e90fdca95ab3b62.jpg\" alt=\"\"\/><\/figure>\n\n\n\n<p>You will see the\u00a0Casa de los Condes de Arco, the\u00a0Convento de Santa Catalina de Zafra, the\u00a0Casa de Castril\u00a0and the\u00a0Ba\u00f1os \u00c1rabes del Ba\u00f1uelo,\u00a0that captured the imaginations of the French and English Romantics, who wove them into many of their tales.<\/p>\n","protected":false},"excerpt":{"rendered":"<p>Continuing on from the Plaza Santa Ana you will reach the\u00a0Carrera del Darro, one of the most picturesque and beautiful streets in Granada. Its unique location in the valley of the river perfectly captures the contrasts of light and shadows and magnificent buildings that flank it on both sides. You &#8230;<\/p>\n","protected":false},"author":4,"featured_media":170,"parent":51,"menu_order":2,"comment_status":"closed","ping_status":"closed","template":"","meta":{"footnotes":""},"class_list":["post-57","page","type-page","status-publish","has-post-thumbnail","hentry","column","twocol","has-thumbnail"],"_links":{"self":[{"href":"http:\/\/focusoneurope.eu\/index.php?rest_route=\/wp\/v2\/pages\/57","targetHints":{"allow":["GET"]}}],"collection":[{"href":"http:\/\/focusoneurope.eu\/index.php?rest_route=\/wp\/v2\/pages"}],"about":[{"href":"http:\/\/focusoneurope.eu\/index.php?rest_route=\/wp\/v2\/types\/page"}],"author":[{"embeddable":true,"href":"http:\/\/focusoneurope.eu\/index.php?rest_route=\/wp\/v2\/users\/4"}],"replies":[{"embeddable":true,"href":"http:\/\/focusoneurope.eu\/index.php?rest_route=%2Fwp%2Fv2%2Fcomments&post=57"}],"version-history":[{"count":2,"href":"http:\/\/focusoneurope.eu\/index.php?rest_route=\/wp\/v2\/pages\/57\/revisions"}],"predecessor-version":[{"id":173,"href":"http:\/\/focusoneurope.eu\/index.php?rest_route=\/wp\/v2\/pages\/57\/revisions\/173"}],"up":[{"embeddable":true,"href":"http:\/\/focusoneurope.eu\/index.php?rest_route=\/wp\/v2\/pages\/51"}],"wp:featuredmedia":[{"embeddable":true,"href":"http:\/\/focusoneurope.eu\/index.php?rest_route=\/wp\/v2\/media\/170"}],"wp:attachment":[{"href":"http:\/\/focusoneurope.eu\/index.php?rest_route=%2Fwp%2Fv2%2Fmedia&parent=57"}],"curies":[{"name":"wp","href":"https:\/\/api.w.org\/{rel}","templated":true}]}}